{"id":16,"date":"2025-12-04T05:48:31","date_gmt":"2025-12-04T05:48:31","guid":{"rendered":"https:\/\/montrafinanceira.pt\/?page_id=16"},"modified":"2026-01-21T19:00:59","modified_gmt":"2026-01-21T19:00:59","slug":"personal-credit","status":"publish","type":"page","link":"https:\/\/montrafinanceira.pt\/en\/personal-credit\/","title":{"rendered":"Personal Loan"},"content":{"rendered":"<div class=\"gb-element-4689c587\">\n<div class=\"gb-element-c8cd9005 dng-mainSection--content\">\n<div class=\"dng-content-section _oh\">\n<div class=\"gb-element-0bd08a22\">\n<h1 class=\"gb-text gb-text-01c7c966 color-white mb-40 translation-block\" data-aos=\"fade-up\" data-aos-duration=\"1200\" data-aos-achnor-placement=\"top-bottom\">Personal Loans \u2013 Simple and Fast<\/h1>\n\n\n\n<p class=\"gb-text gb-text-ca2a5258 body1 mb-40\" data-aos=\"fade-up\" data-aos-=\"top-bottom\" data-aos-duration=\"1500\">At Montra Financeira, we help you bring your projects to life with personal loan solutions tailored to your needs. Count on us for a clear, efficient, and hassle-free process.<\/p>\n\n\n\n<a class=\"gb-text-19707aa9 btn_golden\" href=\"#simulador\" data-aos=\"fade-up\" data-aos-duration=\"1800\" data-aos-anchor-placement=\"top-bottom\"><span class=\"gb-shape\">\n<svg width=\"24\" height=\"24\" viewbox=\"0 0 24 24\" fill=\"none\" xmlns=\"http:\/\/www.w3.org\/2000\/svg\">\n<path d=\"M13.2 21.6V24H10.8V21.6H1.2C0.88174 21.6 0.576515 21.4736 0.351472 21.2485C0.126428 21.0235 0 20.7183 0 20.4V3.6H24V20.4C24 20.7183 23.8736 21.0235 23.6485 21.2485C23.4235 21.4736 23.1183 21.6 22.8 21.6H13.2ZM2.4 19.2H21.6V6H2.4V19.2ZM13.2 8.4H19.2V10.8H13.2V8.4ZM13.2 13.2H19.2V15.6H13.2V13.2ZM8.4 8.4V12H12C12 12.712 11.7889 13.408 11.3933 14.0001C10.9977 14.5921 10.4355 15.0535 9.77766 15.326C9.11985 15.5984 8.39601 15.6697 7.69768 15.5308C6.99934 15.3919 6.35788 15.0491 5.85442 14.5456C5.35095 14.0421 5.00808 13.4007 4.86917 12.7023C4.73027 12.004 4.80156 11.2802 5.07403 10.6223C5.34651 9.96453 5.80793 9.40228 6.39995 9.00671C6.99196 8.61114 7.68799 8.4 8.4 8.4ZM0 0H24V2.4H0V0Z\" fill=\"#004877\"><\/path>\n<\/svg><\/span><span class=\"gb-text\">INSTANT QUOTE<\/span><\/a>\n<\/div>\n<\/div>\n\n\n\n<div class=\"gb-element-4d12fbb3\">\n<img loading=\"lazy\" decoding=\"async\" width=\"829\" height=\"640\" class=\"gb-media-bbfb7281\" alt=\"\" src=\"https:\/\/montrafinanceira.pt\/wp-content\/uploads\/2025\/12\/a-happy-couple-looking-to-a-tablet-sitting-in-the-sofa-of-their-living-room-from-a-distant-view.png\" title=\"a happy couple looking to a tablet sitting in the sofa of their living room from a distant view\" srcset=\"https:\/\/montrafinanceira.pt\/wp-content\/uploads\/2025\/12\/a-happy-couple-looking-to-a-tablet-sitting-in-the-sofa-of-their-living-room-from-a-distant-view.png 829w, https:\/\/montrafinanceira.pt\/wp-content\/uploads\/2025\/12\/a-happy-couple-looking-to-a-tablet-sitting-in-the-sofa-of-their-living-room-from-a-distant-view-300x232.png 300w, https:\/\/montrafinanceira.pt\/wp-content\/uploads\/2025\/12\/a-happy-couple-looking-to-a-tablet-sitting-in-the-sofa-of-their-living-room-from-a-distant-view-768x593.png 768w\" sizes=\"auto, (max-width: 829px) 100vw, 829px\" \/>\n<\/div>\n<\/div>\n\n\n\n<div class=\"mf-content-wrap\">\n<div class=\"mf-content-inner gb-element-72b4f6b8\">\n<div class=\"mf-content-container\">\n<div class=\"dng-subtitle\">\n<h2 class=\"gb-text gb-text-9dedf118 mb-25 title1 fw-700\" data-aos=\"fade-up\" data-aos-anchor-placement=\"top-bottom\" data-aos-duration=\"1600\">How It Works<\/h2>\n\n\n\n<p class=\"gb-text gb-text-e75ea960 m0 body1\" data-aos-duration=\"1600\" data-aos=\"fade-up\" data-aos-anchor-placement=\"top-bottom\">See how simple it is to start your mortgage application. We explain each step of the process so everything is clear and there are no surprises.<\/p>\n<\/div>\n\n\n\n<div class=\"gb-element-c4117182\">\n<div class=\"gb-element-938eaa46\">\n<div class=\"gb-element-bea5b1c0 h-100\" data-aos=\"fade-up\" data-aos-duration=\"1400\" data-aos-anchor-placement=\"center-bottom\">\n<img decoding=\"async\" class=\"gb-media-3b71cd01 d-block mb-25\" alt=\"\" src=\"https:\/\/montrafinanceira.pt\/wp-content\/uploads\/2025\/12\/Vector-3.svg\" title=\"Vector (3)\"\/>\n\n\n\n<h3 class=\"gb-text gb-text-39a79680 m0 translation-block\">Request a free simulation<\/h3>\n<\/div>\n<\/div>\n\n\n\n<div class=\"gb-element-0f274c5d\">\n<div class=\"gb-element-fa040c66 h-100\" data-aos=\"fade-up\" data-aos-duration=\"1600\" data-aos-delay=\"200\" data-aos-anchor-placement=\"center-bottom\">\n<img decoding=\"async\" class=\"gb-media-72a74693 d-block mb-25\" alt=\"\" src=\"https:\/\/montrafinanceira.pt\/wp-content\/uploads\/2025\/12\/Vector-10.svg\" title=\"Vector (10)\"\/>\n\n\n\n<h3 class=\"gb-text gb-text-6a58ba94 m0 translation-block\">Send us your documents to start the process<\/h3>\n<\/div>\n<\/div>\n\n\n\n<div class=\"gb-element-71bf48b4\">\n<div class=\"gb-element-7441aad4 h-100\" data-aos=\"fade-up\" data-aos-duration=\"1400\" data-aos-anchor-placement=\"center-bottom\">\n<img decoding=\"async\" class=\"gb-media-56e44ae7 d-block mb-25\" alt=\"\" src=\"https:\/\/montrafinanceira.pt\/wp-content\/uploads\/2025\/12\/Vector-9.svg\" title=\"Vector (9)\"\/>\n\n\n\n<h3 class=\"gb-text gb-text-a4f0e944 m0 translation-block\">With our support, choose the best offer<\/h3>\n<\/div>\n<\/div>\n<\/div>\n\n\n\n<div class=\"gb-element-afcc547b _oh\">\n<a class=\"btn_blue gb-text-be8b9b87\" data-aos=\"fade-up\" data-aos-duration=\"1500\" data-aos-anchor-placement=\"center-bottom\" href=\"#simulador\"><span class=\"gb-shape\">\n<svg width=\"24\" height=\"24\" viewbox=\"0 0 24 24\" fill=\"none\" xmlns=\"http:\/\/www.w3.org\/2000\/svg\">\n<path d=\"M13.2 21.6V24H10.8V21.6H1.2C0.88174 21.6 0.576515 21.4736 0.351472 21.2485C0.126428 21.0235 0 20.7183 0 20.4V3.6H24V20.4C24 20.7183 23.8736 21.0235 23.6485 21.2485C23.4235 21.4736 23.1183 21.6 22.8 21.6H13.2ZM2.4 19.2H21.6V6H2.4V19.2ZM13.2 8.4H19.2V10.8H13.2V8.4ZM13.2 13.2H19.2V15.6H13.2V13.2ZM8.4 8.4V12H12C12 12.712 11.7889 13.408 11.3933 14.0001C10.9977 14.5921 10.4355 15.0535 9.77766 15.326C9.11985 15.5984 8.39601 15.6697 7.69768 15.5308C6.99934 15.3919 6.35788 15.0491 5.85442 14.5456C5.35095 14.0421 5.00808 13.4007 4.86917 12.7023C4.73027 12.004 4.80156 11.2802 5.07403 10.6223C5.34651 9.96453 5.80793 9.40228 6.39995 9.00671C6.99196 8.61114 7.68799 8.4 8.4 8.4ZM0 0H24V2.4H0V0Z\" fill=\"white\"><\/path>\n<\/svg><\/span><span class=\"gb-text\">INSTANT QUOTE<\/span><\/a>\n<\/div>\n<\/div>\n<\/div>\n<\/div>\n<\/div>\n\n\n\n<div class=\"after_main_Section gb-element-d9e804ca\" id=\"simulador\">\n<div class=\"dng-content-section\">\n<div class=\"dng-subtitle\">\n<h2 class=\"gb-text gb-text-2b844c25 mb-25 title1 fw-700\" data-aos=\"fade-up\" data-aos-anchor-placement=\"top-bottom\" data-aos-duration=\"1600\">Mortgage Calculator<\/h2>\n\n\n\n<p class=\"gb-text gb-text-12655612 m0 body1 translation-block\" data-aos-duration=\"1600\" data-aos=\"fade-up\" data-aos-anchor-placement=\"top-bottom\">Expert guidance to help you estimate costs, compare lenders, and secure the right mortgage for your future.<\/p>\n<\/div>\n\n\n\n<div class=\"mf-smulator-script gb-element-c3d44d8d\">    <div class=\"mf-simulator-widget\">\n        <style>\n            .mf-simulator-widget {\n                width: 100%;\n                height:680px;\n                position: relative;\n            }\n            .mf-simulator-widget iframe {\n                width: 100%;\n                height: 100%;\n                position: absolute;\n                top: 0;\n                left: 0;\n                z-index: 1;\n            }\n        <\/style>    \n        <iframe\n            id=\"simplefyCalc\"\n            src=\"https:\/\/www.simplefy.pt\/simulator\/en?apiKey=ed246bce-10ed-4016-a380-13fb5b5783ac&PrivacyPolicyUrl=https:\/\/montrafinanceira.pt\/\"\n            allowfullscreen data-cookieconsent=\"ignore\">\n        <\/iframe>\n    <\/div>\n\n<\/div>\n<\/div>\n<\/div>","protected":false},"excerpt":{"rendered":"<p>Cr\u00e9dito PessoalSimples e R\u00e1pido Na Montra Financeira, ajudamos a concretizar os seus projetos com solu\u00e7\u00f5es de cr\u00e9dito pessoal ajustadas \u00e0s suas necessidades. Conte connosco para um processo claro, eficiente e sem complica\u00e7\u00f5es. SIMULE O SEU CR\u00c9DITO Como funciona Saiba como \u00e9 simples dar in\u00edcio ao seu pedido de cr\u00e9dito habita\u00e7\u00e3o. Explicamos cada passo do processo &#8230; <a title=\"Personal Loan\" class=\"read-more\" href=\"https:\/\/montrafinanceira.pt\/en\/personal-credit\/\" aria-label=\"Read more about Cr\u00e9dito Pessoal\">Read more<\/a><\/p>","protected":false},"author":2,"featured_media":0,"parent":0,"menu_order":0,"comment_status":"closed","ping_status":"closed","template":"","meta":{"_acf_changed":false,"footnotes":""},"class_list":["post-16","page","type-page","status-publish"],"acf":[],"yoast_head":"<!-- This site is optimized with the Yoast SEO Premium plugin v26.2 (Yoast SEO v26.2) - https:\/\/yoast.com\/wordpress\/plugins\/seo\/ -->\n<title>Cr\u00e9dito Pessoal em Portugal | Montra Financeira<\/title>\n<meta name=\"description\" content=\"Cr\u00e9dito pessoal com um processo simples, r\u00e1pido e online. Simule e descubra a melhor solu\u00e7\u00e3o para as suas necessidades.\" \/>\n<meta name=\"robots\" content=\"index, follow, max-snippet:-1, max-image-preview:large, max-video-preview:-1\" \/>\n<link rel=\"canonical\" href=\"https:\/\/montrafinanceira.pt\/en\/personal-credit\/\" \/>\n<meta property=\"og:locale\" content=\"en_US\" \/>\n<meta property=\"og:type\" content=\"article\" \/>\n<meta property=\"og:title\" content=\"Cr\u00e9dito Pessoal\" \/>\n<meta property=\"og:description\" content=\"Cr\u00e9dito pessoal com um processo simples, r\u00e1pido e online. Simule e descubra a melhor solu\u00e7\u00e3o para as suas necessidades.\" \/>\n<meta property=\"og:url\" content=\"https:\/\/montrafinanceira.pt\/en\/personal-credit\/\" \/>\n<meta property=\"og:site_name\" content=\"Montra Financeira\" \/>\n<meta property=\"article:modified_time\" content=\"2026-01-21T19:00:59+00:00\" \/>\n<meta property=\"og:image\" content=\"https:\/\/montrafinanceira.pt\/wp-content\/uploads\/2025\/12\/a-happy-couple-looking-to-a-tablet-sitting-in-the-sofa-of-their-living-room-from-a-distant-view.png\" \/>\n<meta name=\"twitter:card\" content=\"summary_large_image\" \/>\n<meta name=\"twitter:label1\" content=\"Est. reading time\" \/>\n\t<meta name=\"twitter:data1\" content=\"2 minutes\" \/>\n<script type=\"application\/ld+json\" class=\"yoast-schema-graph\">{\"@context\":\"https:\/\/schema.org\",\"@graph\":[{\"@type\":\"WebPage\",\"@id\":\"https:\/\/montrafinanceira.pt\/credito-pessoal\/\",\"url\":\"https:\/\/montrafinanceira.pt\/credito-pessoal\/\",\"name\":\"Cr\u00e9dito Pessoal em Portugal | Montra Financeira\",\"isPartOf\":{\"@id\":\"https:\/\/montrafinanceira.pt\/#website\"},\"primaryImageOfPage\":{\"@id\":\"https:\/\/montrafinanceira.pt\/credito-pessoal\/#primaryimage\"},\"image\":{\"@id\":\"https:\/\/montrafinanceira.pt\/credito-pessoal\/#primaryimage\"},\"thumbnailUrl\":\"https:\/\/montrafinanceira.pt\/wp-content\/uploads\/2025\/12\/a-happy-couple-looking-to-a-tablet-sitting-in-the-sofa-of-their-living-room-from-a-distant-view.png\",\"datePublished\":\"2025-12-04T05:48:31+00:00\",\"dateModified\":\"2026-01-21T19:00:59+00:00\",\"description\":\"Cr\u00e9dito pessoal com um processo simples, r\u00e1pido e online. Simule e descubra a melhor solu\u00e7\u00e3o para as suas necessidades.\",\"breadcrumb\":{\"@id\":\"https:\/\/montrafinanceira.pt\/credito-pessoal\/#breadcrumb\"},\"inLanguage\":\"en-US\",\"potentialAction\":[{\"@type\":\"ReadAction\",\"target\":[\"https:\/\/montrafinanceira.pt\/credito-pessoal\/\"]}]},{\"@type\":\"ImageObject\",\"inLanguage\":\"en-US\",\"@id\":\"https:\/\/montrafinanceira.pt\/credito-pessoal\/#primaryimage\",\"url\":\"https:\/\/montrafinanceira.pt\/wp-content\/uploads\/2025\/12\/a-happy-couple-looking-to-a-tablet-sitting-in-the-sofa-of-their-living-room-from-a-distant-view.png\",\"contentUrl\":\"https:\/\/montrafinanceira.pt\/wp-content\/uploads\/2025\/12\/a-happy-couple-looking-to-a-tablet-sitting-in-the-sofa-of-their-living-room-from-a-distant-view.png\"},{\"@type\":\"BreadcrumbList\",\"@id\":\"https:\/\/montrafinanceira.pt\/credito-pessoal\/#breadcrumb\",\"itemListElement\":[{\"@type\":\"ListItem\",\"position\":1,\"name\":\"Home\",\"item\":\"https:\/\/montrafinanceira.pt\/\"},{\"@type\":\"ListItem\",\"position\":2,\"name\":\"Cr\u00e9dito Pessoal\"}]},{\"@type\":\"WebSite\",\"@id\":\"https:\/\/montrafinanceira.pt\/#website\",\"url\":\"https:\/\/montrafinanceira.pt\/\",\"name\":\"Montra Financeira\",\"description\":\"\",\"potentialAction\":[{\"@type\":\"SearchAction\",\"target\":{\"@type\":\"EntryPoint\",\"urlTemplate\":\"https:\/\/montrafinanceira.pt\/?s={search_term_string}\"},\"query-input\":{\"@type\":\"PropertyValueSpecification\",\"valueRequired\":true,\"valueName\":\"search_term_string\"}}],\"inLanguage\":\"en-US\"}]}<\/script>\n<!-- \/ Yoast SEO Premium plugin. -->","yoast_head_json":{"title":"Cr\u00e9dito Pessoal em Portugal | Montra Financeira","description":"Cr\u00e9dito pessoal com um processo simples, r\u00e1pido e online. Simule e descubra a melhor solu\u00e7\u00e3o para as suas necessidades.","robots":{"index":"index","follow":"follow","max-snippet":"max-snippet:-1","max-image-preview":"max-image-preview:large","max-video-preview":"max-video-preview:-1"},"canonical":"https:\/\/montrafinanceira.pt\/en\/personal-credit\/","og_locale":"en_US","og_type":"article","og_title":"Cr\u00e9dito Pessoal","og_description":"Cr\u00e9dito pessoal com um processo simples, r\u00e1pido e online. Simule e descubra a melhor solu\u00e7\u00e3o para as suas necessidades.","og_url":"https:\/\/montrafinanceira.pt\/en\/personal-credit\/","og_site_name":"Montra Financeira","article_modified_time":"2026-01-21T19:00:59+00:00","og_image":[{"url":"https:\/\/montrafinanceira.pt\/wp-content\/uploads\/2025\/12\/a-happy-couple-looking-to-a-tablet-sitting-in-the-sofa-of-their-living-room-from-a-distant-view.png","type":"","width":"","height":""}],"twitter_card":"summary_large_image","twitter_misc":{"Est. reading time":"2 minutes"},"schema":{"@context":"https:\/\/schema.org","@graph":[{"@type":"WebPage","@id":"https:\/\/montrafinanceira.pt\/credito-pessoal\/","url":"https:\/\/montrafinanceira.pt\/credito-pessoal\/","name":"Cr\u00e9dito Pessoal em Portugal | Montra Financeira","isPartOf":{"@id":"https:\/\/montrafinanceira.pt\/#website"},"primaryImageOfPage":{"@id":"https:\/\/montrafinanceira.pt\/credito-pessoal\/#primaryimage"},"image":{"@id":"https:\/\/montrafinanceira.pt\/credito-pessoal\/#primaryimage"},"thumbnailUrl":"https:\/\/montrafinanceira.pt\/wp-content\/uploads\/2025\/12\/a-happy-couple-looking-to-a-tablet-sitting-in-the-sofa-of-their-living-room-from-a-distant-view.png","datePublished":"2025-12-04T05:48:31+00:00","dateModified":"2026-01-21T19:00:59+00:00","description":"Cr\u00e9dito pessoal com um processo simples, r\u00e1pido e online. Simule e descubra a melhor solu\u00e7\u00e3o para as suas necessidades.","breadcrumb":{"@id":"https:\/\/montrafinanceira.pt\/credito-pessoal\/#breadcrumb"},"inLanguage":"en-US","potentialAction":[{"@type":"ReadAction","target":["https:\/\/montrafinanceira.pt\/credito-pessoal\/"]}]},{"@type":"ImageObject","inLanguage":"en-US","@id":"https:\/\/montrafinanceira.pt\/credito-pessoal\/#primaryimage","url":"https:\/\/montrafinanceira.pt\/wp-content\/uploads\/2025\/12\/a-happy-couple-looking-to-a-tablet-sitting-in-the-sofa-of-their-living-room-from-a-distant-view.png","contentUrl":"https:\/\/montrafinanceira.pt\/wp-content\/uploads\/2025\/12\/a-happy-couple-looking-to-a-tablet-sitting-in-the-sofa-of-their-living-room-from-a-distant-view.png"},{"@type":"BreadcrumbList","@id":"https:\/\/montrafinanceira.pt\/credito-pessoal\/#breadcrumb","itemListElement":[{"@type":"ListItem","position":1,"name":"Home","item":"https:\/\/montrafinanceira.pt\/"},{"@type":"ListItem","position":2,"name":"Cr\u00e9dito Pessoal"}]},{"@type":"WebSite","@id":"https:\/\/montrafinanceira.pt\/#website","url":"https:\/\/montrafinanceira.pt\/","name":"Montra Financeira","description":"","potentialAction":[{"@type":"SearchAction","target":{"@type":"EntryPoint","urlTemplate":"https:\/\/montrafinanceira.pt\/?s={search_term_string}"},"query-input":{"@type":"PropertyValueSpecification","valueRequired":true,"valueName":"search_term_string"}}],"inLanguage":"en-US"}]}},"_links":{"self":[{"href":"https:\/\/montrafinanceira.pt\/en\/wp-json\/wp\/v2\/pages\/16","targetHints":{"allow":["GET"]}}],"collection":[{"href":"https:\/\/montrafinanceira.pt\/en\/wp-json\/wp\/v2\/pages"}],"about":[{"href":"https:\/\/montrafinanceira.pt\/en\/wp-json\/wp\/v2\/types\/page"}],"author":[{"embeddable":true,"href":"https:\/\/montrafinanceira.pt\/en\/wp-json\/wp\/v2\/users\/2"}],"replies":[{"embeddable":true,"href":"https:\/\/montrafinanceira.pt\/en\/wp-json\/wp\/v2\/comments?post=16"}],"version-history":[{"count":12,"href":"https:\/\/montrafinanceira.pt\/en\/wp-json\/wp\/v2\/pages\/16\/revisions"}],"predecessor-version":[{"id":568,"href":"https:\/\/montrafinanceira.pt\/en\/wp-json\/wp\/v2\/pages\/16\/revisions\/568"}],"wp:attachment":[{"href":"https:\/\/montrafinanceira.pt\/en\/wp-json\/wp\/v2\/media?parent=16"}],"curies":[{"name":"wp","href":"https:\/\/api.w.org\/{rel}","templated":true}]}}