{"id":20,"date":"2025-12-04T05:49:03","date_gmt":"2025-12-04T05:49:03","guid":{"rendered":"https:\/\/montrafinanceira.pt\/?page_id=20"},"modified":"2026-01-21T19:03:14","modified_gmt":"2026-01-21T19:03:14","slug":"simulators","status":"publish","type":"page","link":"https:\/\/montrafinanceira.pt\/en\/simulators\/","title":{"rendered":"Calculators"},"content":{"rendered":"<div class=\"gb-element-dfd6e0ba\">\n<div class=\"dng-content-section\">\n<div class=\"dng-subtitle\">\n<h2 class=\"gb-text gb-text-9dedf118 mb-25 title1 fw-700\" data-aos=\"fade-up\" data-aos-anchor-placement=\"top-bottom\" data-aos-duration=\"1600\" id=\"simulador\">Mortgage Calculator<\/h2>\n\n\n\n<p class=\"gb-text gb-text-e75ea960 m0 body1 translation-block\" data-aos-duration=\"1600\" data-aos=\"fade-up\" data-aos-anchor-placement=\"top-bottom\">Expert guidance to help you estimate costs, compare lenders, and secure the right mortgage for your future.<\/p>\n<\/div>\n\n\n\n<div class=\"mf-smulator-script gb-element-ce14e924\">    <div class=\"mf-simulator-widget\">\n        <style>\n            .mf-simulator-widget {\n                width: 100%;\n                height:680px;\n                position: relative;\n            }\n            .mf-simulator-widget iframe {\n                width: 100%;\n                height: 100%;\n                position: absolute;\n                top: 0;\n                left: 0;\n                z-index: 1;\n            }\n        <\/style>    \n        <iframe\n            id=\"simplefyCalc\"\n            src=\"https:\/\/www.simplefy.pt\/simulator\/en?apiKey=ed246bce-10ed-4016-a380-13fb5b5783ac&PrivacyPolicyUrl=https:\/\/montrafinanceira.pt\/\"\n            allowfullscreen data-cookieconsent=\"ignore\">\n        <\/iframe>\n    <\/div>\n\n<\/div>\n<\/div>\n<\/div>","protected":false},"excerpt":{"rendered":"<p>Simulador de Cr\u00e9dito Simule o seu cr\u00e9dito de forma r\u00e1pida e simples.Descubra as melhores op\u00e7\u00f5es para si.<\/p>","protected":false},"author":2,"featured_media":0,"parent":0,"menu_order":0,"comment_status":"closed","ping_status":"closed","template":"","meta":{"_acf_changed":false,"footnotes":""},"class_list":["post-20","page","type-page","status-publish"],"acf":[],"yoast_head":"<!-- This site is optimized with the Yoast SEO Premium plugin v26.2 (Yoast SEO v26.2) - https:\/\/yoast.com\/wordpress\/plugins\/seo\/ -->\n<title>Simulador de Cr\u00e9dito Habita\u00e7\u00e3o | Montra Financeira<\/title>\n<meta name=\"description\" content=\"Utilize o simulador de cr\u00e9dito habita\u00e7\u00e3o e calcule a sua presta\u00e7\u00e3o mensal de forma simples, r\u00e1pida e sem compromisso.\" \/>\n<meta name=\"robots\" content=\"index, follow, max-snippet:-1, max-image-preview:large, max-video-preview:-1\" \/>\n<link rel=\"canonical\" href=\"https:\/\/montrafinanceira.pt\/en\/simulators\/\" \/>\n<meta property=\"og:locale\" content=\"en_US\" \/>\n<meta property=\"og:type\" content=\"article\" \/>\n<meta property=\"og:title\" content=\"Simuladores\" \/>\n<meta property=\"og:description\" content=\"Utilize o simulador de cr\u00e9dito habita\u00e7\u00e3o e calcule a sua presta\u00e7\u00e3o mensal de forma simples, r\u00e1pida e sem compromisso.\" \/>\n<meta property=\"og:url\" content=\"https:\/\/montrafinanceira.pt\/en\/simulators\/\" \/>\n<meta property=\"og:site_name\" content=\"Montra Financeira\" \/>\n<meta property=\"article:modified_time\" content=\"2026-01-21T19:03:14+00:00\" \/>\n<meta name=\"twitter:card\" content=\"summary_large_image\" \/>\n<meta name=\"twitter:label1\" content=\"Est. reading time\" \/>\n\t<meta name=\"twitter:data1\" content=\"1 minute\" \/>\n<script type=\"application\/ld+json\" class=\"yoast-schema-graph\">{\"@context\":\"https:\/\/schema.org\",\"@graph\":[{\"@type\":\"WebPage\",\"@id\":\"https:\/\/montrafinanceira.pt\/simuladores\/\",\"url\":\"https:\/\/montrafinanceira.pt\/simuladores\/\",\"name\":\"Simulador de Cr\u00e9dito Habita\u00e7\u00e3o | Montra Financeira\",\"isPartOf\":{\"@id\":\"https:\/\/montrafinanceira.pt\/#website\"},\"datePublished\":\"2025-12-04T05:49:03+00:00\",\"dateModified\":\"2026-01-21T19:03:14+00:00\",\"description\":\"Utilize o simulador de cr\u00e9dito habita\u00e7\u00e3o e calcule a sua presta\u00e7\u00e3o mensal de forma simples, r\u00e1pida e sem compromisso.\",\"breadcrumb\":{\"@id\":\"https:\/\/montrafinanceira.pt\/simuladores\/#breadcrumb\"},\"inLanguage\":\"en-US\",\"potentialAction\":[{\"@type\":\"ReadAction\",\"target\":[\"https:\/\/montrafinanceira.pt\/simuladores\/\"]}]},{\"@type\":\"BreadcrumbList\",\"@id\":\"https:\/\/montrafinanceira.pt\/simuladores\/#breadcrumb\",\"itemListElement\":[{\"@type\":\"ListItem\",\"position\":1,\"name\":\"Home\",\"item\":\"https:\/\/montrafinanceira.pt\/\"},{\"@type\":\"ListItem\",\"position\":2,\"name\":\"Simuladores\"}]},{\"@type\":\"WebSite\",\"@id\":\"https:\/\/montrafinanceira.pt\/#website\",\"url\":\"https:\/\/montrafinanceira.pt\/\",\"name\":\"Montra Financeira\",\"description\":\"\",\"potentialAction\":[{\"@type\":\"SearchAction\",\"target\":{\"@type\":\"EntryPoint\",\"urlTemplate\":\"https:\/\/montrafinanceira.pt\/?s={search_term_string}\"},\"query-input\":{\"@type\":\"PropertyValueSpecification\",\"valueRequired\":true,\"valueName\":\"search_term_string\"}}],\"inLanguage\":\"en-US\"}]}<\/script>\n<!-- \/ Yoast SEO Premium plugin. -->","yoast_head_json":{"title":"Simulador de Cr\u00e9dito Habita\u00e7\u00e3o | Montra Financeira","description":"Utilize o simulador de cr\u00e9dito habita\u00e7\u00e3o e calcule a sua presta\u00e7\u00e3o mensal de forma simples, r\u00e1pida e sem compromisso.","robots":{"index":"index","follow":"follow","max-snippet":"max-snippet:-1","max-image-preview":"max-image-preview:large","max-video-preview":"max-video-preview:-1"},"canonical":"https:\/\/montrafinanceira.pt\/en\/simulators\/","og_locale":"en_US","og_type":"article","og_title":"Simuladores","og_description":"Utilize o simulador de cr\u00e9dito habita\u00e7\u00e3o e calcule a sua presta\u00e7\u00e3o mensal de forma simples, r\u00e1pida e sem compromisso.","og_url":"https:\/\/montrafinanceira.pt\/en\/simulators\/","og_site_name":"Montra Financeira","article_modified_time":"2026-01-21T19:03:14+00:00","twitter_card":"summary_large_image","twitter_misc":{"Est. reading time":"1 minute"},"schema":{"@context":"https:\/\/schema.org","@graph":[{"@type":"WebPage","@id":"https:\/\/montrafinanceira.pt\/simuladores\/","url":"https:\/\/montrafinanceira.pt\/simuladores\/","name":"Simulador de Cr\u00e9dito Habita\u00e7\u00e3o | Montra Financeira","isPartOf":{"@id":"https:\/\/montrafinanceira.pt\/#website"},"datePublished":"2025-12-04T05:49:03+00:00","dateModified":"2026-01-21T19:03:14+00:00","description":"Utilize o simulador de cr\u00e9dito habita\u00e7\u00e3o e calcule a sua presta\u00e7\u00e3o mensal de forma simples, r\u00e1pida e sem compromisso.","breadcrumb":{"@id":"https:\/\/montrafinanceira.pt\/simuladores\/#breadcrumb"},"inLanguage":"en-US","potentialAction":[{"@type":"ReadAction","target":["https:\/\/montrafinanceira.pt\/simuladores\/"]}]},{"@type":"BreadcrumbList","@id":"https:\/\/montrafinanceira.pt\/simuladores\/#breadcrumb","itemListElement":[{"@type":"ListItem","position":1,"name":"Home","item":"https:\/\/montrafinanceira.pt\/"},{"@type":"ListItem","position":2,"name":"Simuladores"}]},{"@type":"WebSite","@id":"https:\/\/montrafinanceira.pt\/#website","url":"https:\/\/montrafinanceira.pt\/","name":"Montra Financeira","description":"","potentialAction":[{"@type":"SearchAction","target":{"@type":"EntryPoint","urlTemplate":"https:\/\/montrafinanceira.pt\/?s={search_term_string}"},"query-input":{"@type":"PropertyValueSpecification","valueRequired":true,"valueName":"search_term_string"}}],"inLanguage":"en-US"}]}},"_links":{"self":[{"href":"https:\/\/montrafinanceira.pt\/en\/wp-json\/wp\/v2\/pages\/20","targetHints":{"allow":["GET"]}}],"collection":[{"href":"https:\/\/montrafinanceira.pt\/en\/wp-json\/wp\/v2\/pages"}],"about":[{"href":"https:\/\/montrafinanceira.pt\/en\/wp-json\/wp\/v2\/types\/page"}],"author":[{"embeddable":true,"href":"https:\/\/montrafinanceira.pt\/en\/wp-json\/wp\/v2\/users\/2"}],"replies":[{"embeddable":true,"href":"https:\/\/montrafinanceira.pt\/en\/wp-json\/wp\/v2\/comments?post=20"}],"version-history":[{"count":6,"href":"https:\/\/montrafinanceira.pt\/en\/wp-json\/wp\/v2\/pages\/20\/revisions"}],"predecessor-version":[{"id":708,"href":"https:\/\/montrafinanceira.pt\/en\/wp-json\/wp\/v2\/pages\/20\/revisions\/708"}],"wp:attachment":[{"href":"https:\/\/montrafinanceira.pt\/en\/wp-json\/wp\/v2\/media?parent=20"}],"curies":[{"name":"wp","href":"https:\/\/api.w.org\/{rel}","templated":true}]}}