{"id":51,"date":"2025-12-04T06:08:19","date_gmt":"2025-12-04T06:08:19","guid":{"rendered":"https:\/\/montrafinanceira.pt\/?page_id=51"},"modified":"2026-02-18T10:23:47","modified_gmt":"2026-02-18T10:23:47","slug":"news","status":"publish","type":"page","link":"https:\/\/montrafinanceira.pt\/en\/news\/","title":{"rendered":"News"},"content":{"rendered":"<div class=\"gb-element-68769c27\">\n<div class=\"dng-content-section\">\n<div class=\"dng-subtitle\">\n<h1 class=\"gb-text gb-text-1031dd7c\">News<\/h1>\n\n\n\n<p class=\"has-text-align-center m0 body1\">Stay up to date with the latest developments and important information from the financial sector. On this page, we share news, insights, and updates from Montra Financeira.<\/p>\n<\/div>\n<\/div>\n\n\n\n<div class=\"gb-element-6e882193\">\n<div class=\"dng-full-content\"><div class=\"mf-blog-posts\">\r\n    <div class=\"mf-blog-posts__wrap\">\r\n                    <div class=\"mf-blog-posts__item\" data-aos=\"fade-up\" data-aos-delay=\"60\" data-aos-duration=\"1300\" data-aos-anchor-placement=\"center-bottom\">\r\n    <div class=\"mf-blog-posts__item-image mb-25\">\r\n        <a href=\"https:\/\/montrafinanceira.pt\/en\/isencao-imt-jovens\/\">\r\n            <img loading=\"lazy\" decoding=\"async\" width=\"1536\" height=\"1024\" src=\"https:\/\/montrafinanceira.pt\/wp-content\/uploads\/2025\/12\/ChatGPT-Image-31_03_2026-11_26_13.png\" class=\"mf-blog-posts__item-image-img wp-post-image\" alt=\"\" srcset=\"https:\/\/montrafinanceira.pt\/wp-content\/uploads\/2025\/12\/ChatGPT-Image-31_03_2026-11_26_13.png 1536w, https:\/\/montrafinanceira.pt\/wp-content\/uploads\/2025\/12\/ChatGPT-Image-31_03_2026-11_26_13-300x200.png 300w, https:\/\/montrafinanceira.pt\/wp-content\/uploads\/2025\/12\/ChatGPT-Image-31_03_2026-11_26_13-1024x683.png 1024w, https:\/\/montrafinanceira.pt\/wp-content\/uploads\/2025\/12\/ChatGPT-Image-31_03_2026-11_26_13-768x512.png 768w, https:\/\/montrafinanceira.pt\/wp-content\/uploads\/2025\/12\/ChatGPT-Image-31_03_2026-11_26_13-18x12.png 18w\" sizes=\"auto, (max-width: 1536px) 100vw, 1536px\" \/>        <\/a>\r\n    <\/div>\r\n    <div class=\"mf-blog-posts__item-content\">\r\n        <h3 class=\"color-blue fw-700 mb-15 dng-heading-font\">\r\n            <a href=\"https:\/\/montrafinanceira.pt\/en\/isencao-imt-jovens\/\" class=\"title3 dng-heading-font fw-700\">Isen\u00e7\u00e3o de IMT j\u00e1 ajudou mais de 77 mil jovens a comprar casa em Portugal<\/a>\r\n        <\/h3>\r\n                <p class=\"color-coal fw-400 mb-25 dng-content-font\">Benef\u00edcios fiscais e garantia p\u00fablica est\u00e3o a transformar o acesso \u00e0 habita\u00e7\u00e3o para jovens at\u00e9 aos 35 anos<\/p>\r\n                <a href=\"https:\/\/montrafinanceira.pt\/en\/isencao-imt-jovens\/\" class=\"button-text\">+ LER MAIS<\/a>\r\n    <\/div>\r\n<\/div><div class=\"mf-blog-posts__item\" data-aos=\"fade-up\" data-aos-delay=\"80\" data-aos-duration=\"1400\" data-aos-anchor-placement=\"center-bottom\">\r\n    <div class=\"mf-blog-posts__item-image mb-25\">\r\n        <a href=\"https:\/\/montrafinanceira.pt\/en\/montra-financeira-inauguracao-espaco-fisico\/\">\r\n            <img loading=\"lazy\" decoding=\"async\" width=\"2560\" height=\"1707\" src=\"https:\/\/montrafinanceira.pt\/wp-content\/uploads\/2025\/12\/MF-scaled.jpg\" class=\"mf-blog-posts__item-image-img wp-post-image\" alt=\"\" srcset=\"https:\/\/montrafinanceira.pt\/wp-content\/uploads\/2025\/12\/MF-scaled.jpg 2560w, https:\/\/montrafinanceira.pt\/wp-content\/uploads\/2025\/12\/MF-300x200.jpg 300w, https:\/\/montrafinanceira.pt\/wp-content\/uploads\/2025\/12\/MF-1024x683.jpg 1024w, https:\/\/montrafinanceira.pt\/wp-content\/uploads\/2025\/12\/MF-768x512.jpg 768w, https:\/\/montrafinanceira.pt\/wp-content\/uploads\/2025\/12\/MF-1536x1024.jpg 1536w, https:\/\/montrafinanceira.pt\/wp-content\/uploads\/2025\/12\/MF-2048x1365.jpg 2048w, https:\/\/montrafinanceira.pt\/wp-content\/uploads\/2025\/12\/MF-18x12.jpg 18w\" sizes=\"auto, (max-width: 2560px) 100vw, 2560px\" \/>        <\/a>\r\n    <\/div>\r\n    <div class=\"mf-blog-posts__item-content\">\r\n        <h3 class=\"color-blue fw-700 mb-15 dng-heading-font\">\r\n            <a href=\"https:\/\/montrafinanceira.pt\/en\/montra-financeira-inauguracao-espaco-fisico\/\" class=\"title3 dng-heading-font fw-700\">Novidades da Montra Financeira<\/a>\r\n        <\/h3>\r\n                <p class=\"color-coal fw-400 mb-25 dng-content-font\">Montra Financeira inaugura novo espa\u00e7o f\u00edsico no dia 9 de abril<\/p>\r\n                <a href=\"https:\/\/montrafinanceira.pt\/en\/montra-financeira-inauguracao-espaco-fisico\/\" class=\"button-text\">+ LER MAIS<\/a>\r\n    <\/div>\r\n<\/div><div class=\"mf-blog-posts__item\" data-aos=\"fade-up\" data-aos-delay=\"100\" data-aos-duration=\"1500\" data-aos-anchor-placement=\"center-bottom\">\r\n    <div class=\"mf-blog-posts__item-image mb-25\">\r\n        <a href=\"https:\/\/montrafinanceira.pt\/en\/titulo-da-noticia-5\/\">\r\n            <img loading=\"lazy\" decoding=\"async\" width=\"2560\" height=\"1655\" src=\"https:\/\/montrafinanceira.pt\/wp-content\/uploads\/2025\/12\/vecteezy_positive-elderly-spouses-together-sharing-joy-of-summer_72669251-scaled.jpg\" class=\"mf-blog-posts__item-image-img wp-post-image\" alt=\"\" srcset=\"https:\/\/montrafinanceira.pt\/wp-content\/uploads\/2025\/12\/vecteezy_positive-elderly-spouses-together-sharing-joy-of-summer_72669251-scaled.jpg 2560w, https:\/\/montrafinanceira.pt\/wp-content\/uploads\/2025\/12\/vecteezy_positive-elderly-spouses-together-sharing-joy-of-summer_72669251-300x194.jpg 300w, https:\/\/montrafinanceira.pt\/wp-content\/uploads\/2025\/12\/vecteezy_positive-elderly-spouses-together-sharing-joy-of-summer_72669251-1024x662.jpg 1024w, https:\/\/montrafinanceira.pt\/wp-content\/uploads\/2025\/12\/vecteezy_positive-elderly-spouses-together-sharing-joy-of-summer_72669251-768x497.jpg 768w, https:\/\/montrafinanceira.pt\/wp-content\/uploads\/2025\/12\/vecteezy_positive-elderly-spouses-together-sharing-joy-of-summer_72669251-1536x993.jpg 1536w, https:\/\/montrafinanceira.pt\/wp-content\/uploads\/2025\/12\/vecteezy_positive-elderly-spouses-together-sharing-joy-of-summer_72669251-2048x1324.jpg 2048w, https:\/\/montrafinanceira.pt\/wp-content\/uploads\/2025\/12\/vecteezy_positive-elderly-spouses-together-sharing-joy-of-summer_72669251-18x12.jpg 18w\" sizes=\"auto, (max-width: 2560px) 100vw, 2560px\" \/>        <\/a>\r\n    <\/div>\r\n    <div class=\"mf-blog-posts__item-content\">\r\n        <h3 class=\"color-blue fw-700 mb-15 dng-heading-font\">\r\n            <a href=\"https:\/\/montrafinanceira.pt\/en\/titulo-da-noticia-5\/\" class=\"title3 dng-heading-font fw-700\">Portugal is the Safest Place to Retire in 2026<\/a>\r\n        <\/h3>\r\n                <p class=\"color-coal fw-400 mb-25 dng-content-font\">Peace of mind abroad: Portugal is the world\u2019s safest place where retirees are living well in 2026.<\/p>\r\n                <a href=\"https:\/\/montrafinanceira.pt\/en\/titulo-da-noticia-5\/\" class=\"button-text\">+ LER MAIS<\/a>\r\n    <\/div>\r\n<\/div><div class=\"mf-blog-posts__item\" data-aos=\"fade-up\" data-aos-delay=\"60\" data-aos-duration=\"1300\" data-aos-anchor-placement=\"center-bottom\">\r\n    <div class=\"mf-blog-posts__item-image mb-25\">\r\n        <a href=\"https:\/\/montrafinanceira.pt\/en\/credito-habitacao-jovem-em-portugal-como-comprar-casa-ate-aos-35-anos-e-quais-as-vantagens\/\">\r\n            <img loading=\"lazy\" decoding=\"async\" width=\"2560\" height=\"1440\" src=\"https:\/\/montrafinanceira.pt\/wp-content\/uploads\/2026\/03\/vecteezy_portrait-outdoors-caucasian-happy-in-love-couple-married_54213929-scaled.jpg\" class=\"mf-blog-posts__item-image-img wp-post-image\" alt=\"\" srcset=\"https:\/\/montrafinanceira.pt\/wp-content\/uploads\/2026\/03\/vecteezy_portrait-outdoors-caucasian-happy-in-love-couple-married_54213929-scaled.jpg 2560w, https:\/\/montrafinanceira.pt\/wp-content\/uploads\/2026\/03\/vecteezy_portrait-outdoors-caucasian-happy-in-love-couple-married_54213929-300x169.jpg 300w, https:\/\/montrafinanceira.pt\/wp-content\/uploads\/2026\/03\/vecteezy_portrait-outdoors-caucasian-happy-in-love-couple-married_54213929-1024x576.jpg 1024w, https:\/\/montrafinanceira.pt\/wp-content\/uploads\/2026\/03\/vecteezy_portrait-outdoors-caucasian-happy-in-love-couple-married_54213929-768x432.jpg 768w, https:\/\/montrafinanceira.pt\/wp-content\/uploads\/2026\/03\/vecteezy_portrait-outdoors-caucasian-happy-in-love-couple-married_54213929-1536x864.jpg 1536w, https:\/\/montrafinanceira.pt\/wp-content\/uploads\/2026\/03\/vecteezy_portrait-outdoors-caucasian-happy-in-love-couple-married_54213929-2048x1152.jpg 2048w, https:\/\/montrafinanceira.pt\/wp-content\/uploads\/2026\/03\/vecteezy_portrait-outdoors-caucasian-happy-in-love-couple-married_54213929-18x10.jpg 18w\" sizes=\"auto, (max-width: 2560px) 100vw, 2560px\" \/>        <\/a>\r\n    <\/div>\r\n    <div class=\"mf-blog-posts__item-content\">\r\n        <h3 class=\"color-blue fw-700 mb-15 dng-heading-font\">\r\n            <a href=\"https:\/\/montrafinanceira.pt\/en\/credito-habitacao-jovem-em-portugal-como-comprar-casa-ate-aos-35-anos-e-quais-as-vantagens\/\" class=\"title3 dng-heading-font fw-700\">First-Time Buyer Mortgage in Portugal: How to Buy a Property Before the Age of 35<\/a>\r\n        <\/h3>\r\n                <p class=\"color-coal fw-400 mb-25 dng-content-font\">Lower deposit requirements, more flexible conditions and tailored solutions for first-time buyers<\/p>\r\n                <a href=\"https:\/\/montrafinanceira.pt\/en\/credito-habitacao-jovem-em-portugal-como-comprar-casa-ate-aos-35-anos-e-quais-as-vantagens\/\" class=\"button-text\">+ LER MAIS<\/a>\r\n    <\/div>\r\n<\/div><div class=\"mf-blog-posts__item\" data-aos=\"fade-up\" data-aos-delay=\"80\" data-aos-duration=\"1400\" data-aos-anchor-placement=\"center-bottom\">\r\n    <div class=\"mf-blog-posts__item-image mb-25\">\r\n        <a href=\"https:\/\/montrafinanceira.pt\/en\/credito-habitacao-portugal-2026\/\">\r\n            <img loading=\"lazy\" decoding=\"async\" width=\"1536\" height=\"1024\" src=\"https:\/\/montrafinanceira.pt\/wp-content\/uploads\/2025\/12\/e3b053557b70837526312d1b64a9aa55a0986d8a.png\" class=\"mf-blog-posts__item-image-img wp-post-image\" alt=\"\" srcset=\"https:\/\/montrafinanceira.pt\/wp-content\/uploads\/2025\/12\/e3b053557b70837526312d1b64a9aa55a0986d8a.png 1536w, https:\/\/montrafinanceira.pt\/wp-content\/uploads\/2025\/12\/e3b053557b70837526312d1b64a9aa55a0986d8a-300x200.png 300w, https:\/\/montrafinanceira.pt\/wp-content\/uploads\/2025\/12\/e3b053557b70837526312d1b64a9aa55a0986d8a-1024x683.png 1024w, https:\/\/montrafinanceira.pt\/wp-content\/uploads\/2025\/12\/e3b053557b70837526312d1b64a9aa55a0986d8a-768x512.png 768w\" sizes=\"auto, (max-width: 1536px) 100vw, 1536px\" \/>        <\/a>\r\n    <\/div>\r\n    <div class=\"mf-blog-posts__item-content\">\r\n        <h3 class=\"color-blue fw-700 mb-15 dng-heading-font\">\r\n            <a href=\"https:\/\/montrafinanceira.pt\/en\/credito-habitacao-portugal-2026\/\" class=\"title3 dng-heading-font fw-700\">Cr\u00e9dito Habita\u00e7\u00e3o em Portugal: juros descem, jovens lideram pedidos e procura atinge m\u00e1ximos<\/a>\r\n        <\/h3>\r\n                <p class=\"color-coal fw-400 mb-25 dng-content-font\">Novo cen\u00e1rio no cr\u00e9dito habita\u00e7\u00e3o pode abrir oportunidades para quem quer comprar casa em 2026.<\/p>\r\n                <a href=\"https:\/\/montrafinanceira.pt\/en\/credito-habitacao-portugal-2026\/\" class=\"button-text\">+ LER MAIS<\/a>\r\n    <\/div>\r\n<\/div><div class=\"mf-blog-posts__item\" data-aos=\"fade-up\" data-aos-delay=\"100\" data-aos-duration=\"1500\" data-aos-anchor-placement=\"center-bottom\">\r\n    <div class=\"mf-blog-posts__item-image mb-25\">\r\n        <a href=\"https:\/\/montrafinanceira.pt\/en\/quanto-posso-pedir-credito-habitacao\/\">\r\n            <img loading=\"lazy\" decoding=\"async\" width=\"1536\" height=\"1024\" src=\"https:\/\/montrafinanceira.pt\/wp-content\/uploads\/2025\/12\/bc8029504baee214983b025551e6c2a8ac126ee1.png\" class=\"mf-blog-posts__item-image-img wp-post-image\" alt=\"\" srcset=\"https:\/\/montrafinanceira.pt\/wp-content\/uploads\/2025\/12\/bc8029504baee214983b025551e6c2a8ac126ee1.png 1536w, https:\/\/montrafinanceira.pt\/wp-content\/uploads\/2025\/12\/bc8029504baee214983b025551e6c2a8ac126ee1-300x200.png 300w, https:\/\/montrafinanceira.pt\/wp-content\/uploads\/2025\/12\/bc8029504baee214983b025551e6c2a8ac126ee1-1024x683.png 1024w, https:\/\/montrafinanceira.pt\/wp-content\/uploads\/2025\/12\/bc8029504baee214983b025551e6c2a8ac126ee1-768x512.png 768w\" sizes=\"auto, (max-width: 1536px) 100vw, 1536px\" \/>        <\/a>\r\n    <\/div>\r\n    <div class=\"mf-blog-posts__item-content\">\r\n        <h3 class=\"color-blue fw-700 mb-15 dng-heading-font\">\r\n            <a href=\"https:\/\/montrafinanceira.pt\/en\/quanto-posso-pedir-credito-habitacao\/\" class=\"title3 dng-heading-font fw-700\">Quanto posso pedir de cr\u00e9dito habita\u00e7\u00e3o em Portugal? Guia completo 2026<\/a>\r\n        <\/h3>\r\n                <p class=\"color-coal fw-400 mb-25 dng-content-font\">Descubra quanto pode financiar e o que os bancos realmente avaliam<\/p>\r\n                <a href=\"https:\/\/montrafinanceira.pt\/en\/quanto-posso-pedir-credito-habitacao\/\" class=\"button-text\">+ LER MAIS<\/a>\r\n    <\/div>\r\n<\/div><div class=\"mf-blog-posts__item\" data-aos=\"fade-up\" data-aos-delay=\"60\" data-aos-duration=\"1300\" data-aos-anchor-placement=\"center-bottom\">\r\n    <div class=\"mf-blog-posts__item-image mb-25\">\r\n        <a href=\"https:\/\/montrafinanceira.pt\/en\/documentos-credito-habitacao\/\">\r\n            <img loading=\"lazy\" decoding=\"async\" width=\"1536\" height=\"1024\" src=\"https:\/\/montrafinanceira.pt\/wp-content\/uploads\/2025\/12\/fff.png\" class=\"mf-blog-posts__item-image-img wp-post-image\" alt=\"\" srcset=\"https:\/\/montrafinanceira.pt\/wp-content\/uploads\/2025\/12\/fff.png 1536w, https:\/\/montrafinanceira.pt\/wp-content\/uploads\/2025\/12\/fff-300x200.png 300w, https:\/\/montrafinanceira.pt\/wp-content\/uploads\/2025\/12\/fff-1024x683.png 1024w, https:\/\/montrafinanceira.pt\/wp-content\/uploads\/2025\/12\/fff-768x512.png 768w\" sizes=\"auto, (max-width: 1536px) 100vw, 1536px\" \/>        <\/a>\r\n    <\/div>\r\n    <div class=\"mf-blog-posts__item-content\">\r\n        <h3 class=\"color-blue fw-700 mb-15 dng-heading-font\">\r\n            <a href=\"https:\/\/montrafinanceira.pt\/en\/documentos-credito-habitacao\/\" class=\"title3 dng-heading-font fw-700\">Que documentos s\u00e3o necess\u00e1rios para cr\u00e9dito habita\u00e7\u00e3o em Portugal? (Guia completo 2026)<\/a>\r\n        <\/h3>\r\n                <p class=\"color-coal fw-400 mb-25 dng-content-font\">Saiba exatamente o que os bancos pedem \u2014 e evite atrasos na aprova\u00e7\u00e3o<\/p>\r\n                <a href=\"https:\/\/montrafinanceira.pt\/en\/documentos-credito-habitacao\/\" class=\"button-text\">+ LER MAIS<\/a>\r\n    <\/div>\r\n<\/div><div class=\"mf-blog-posts__item\" data-aos=\"fade-up\" data-aos-delay=\"80\" data-aos-duration=\"1400\" data-aos-anchor-placement=\"center-bottom\">\r\n    <div class=\"mf-blog-posts__item-image mb-25\">\r\n        <a href=\"https:\/\/montrafinanceira.pt\/en\/melhor-banco-credito-habitacao\/\">\r\n            <img loading=\"lazy\" decoding=\"async\" width=\"1536\" height=\"1024\" src=\"https:\/\/montrafinanceira.pt\/wp-content\/uploads\/2025\/12\/bc8029504baee214983b025551e6c2a8ac126ee1.png\" class=\"mf-blog-posts__item-image-img wp-post-image\" alt=\"\" srcset=\"https:\/\/montrafinanceira.pt\/wp-content\/uploads\/2025\/12\/bc8029504baee214983b025551e6c2a8ac126ee1.png 1536w, https:\/\/montrafinanceira.pt\/wp-content\/uploads\/2025\/12\/bc8029504baee214983b025551e6c2a8ac126ee1-300x200.png 300w, https:\/\/montrafinanceira.pt\/wp-content\/uploads\/2025\/12\/bc8029504baee214983b025551e6c2a8ac126ee1-1024x683.png 1024w, https:\/\/montrafinanceira.pt\/wp-content\/uploads\/2025\/12\/bc8029504baee214983b025551e6c2a8ac126ee1-768x512.png 768w\" sizes=\"auto, (max-width: 1536px) 100vw, 1536px\" \/>        <\/a>\r\n    <\/div>\r\n    <div class=\"mf-blog-posts__item-content\">\r\n        <h3 class=\"color-blue fw-700 mb-15 dng-heading-font\">\r\n            <a href=\"https:\/\/montrafinanceira.pt\/en\/melhor-banco-credito-habitacao\/\" class=\"title3 dng-heading-font fw-700\">Qual o melhor banco para cr\u00e9dito habita\u00e7\u00e3o em Portugal? (Guia 2026)<\/a>\r\n        <\/h3>\r\n                <p class=\"color-coal fw-400 mb-25 dng-content-font\">Descubra como escolher o banco certo \u2014 e porque n\u00e3o existe uma resposta \u00fanica<\/p>\r\n                <a href=\"https:\/\/montrafinanceira.pt\/en\/melhor-banco-credito-habitacao\/\" class=\"button-text\">+ LER MAIS<\/a>\r\n    <\/div>\r\n<\/div><div class=\"mf-blog-posts__item\" data-aos=\"fade-up\" data-aos-delay=\"100\" data-aos-duration=\"1500\" data-aos-anchor-placement=\"center-bottom\">\r\n    <div class=\"mf-blog-posts__item-image mb-25\">\r\n        <a href=\"https:\/\/montrafinanceira.pt\/en\/entrada-comprar-casa-portugal\/\">\r\n            <img loading=\"lazy\" decoding=\"async\" width=\"1536\" height=\"1024\" src=\"https:\/\/montrafinanceira.pt\/wp-content\/uploads\/2025\/12\/fff.png\" class=\"mf-blog-posts__item-image-img wp-post-image\" alt=\"\" srcset=\"https:\/\/montrafinanceira.pt\/wp-content\/uploads\/2025\/12\/fff.png 1536w, https:\/\/montrafinanceira.pt\/wp-content\/uploads\/2025\/12\/fff-300x200.png 300w, https:\/\/montrafinanceira.pt\/wp-content\/uploads\/2025\/12\/fff-1024x683.png 1024w, https:\/\/montrafinanceira.pt\/wp-content\/uploads\/2025\/12\/fff-768x512.png 768w\" sizes=\"auto, (max-width: 1536px) 100vw, 1536px\" \/>        <\/a>\r\n    <\/div>\r\n    <div class=\"mf-blog-posts__item-content\">\r\n        <h3 class=\"color-blue fw-700 mb-15 dng-heading-font\">\r\n            <a href=\"https:\/\/montrafinanceira.pt\/en\/entrada-comprar-casa-portugal\/\" class=\"title3 dng-heading-font fw-700\">Quanto preciso de entrada para comprar casa em Portugal? (Guia 2026)<\/a>\r\n        <\/h3>\r\n                <p class=\"color-coal fw-400 mb-25 dng-content-font\">Saiba quanto precisa realmente \u2014 e evite surpresas no momento da compra<\/p>\r\n                <a href=\"https:\/\/montrafinanceira.pt\/en\/entrada-comprar-casa-portugal\/\" class=\"button-text\">+ LER MAIS<\/a>\r\n    <\/div>\r\n<\/div>                    <\/div>\r\n        <div class=\"mf-blog-posts__pagination\">\r\n        <span aria-current=\"page\" class=\"page-numbers current\">1<\/span>\n<a class=\"page-numbers\" href=\"https:\/\/montrafinanceira.pt\/wp-json\/wp\/v2\/pages\/51\/page\/2\/\">2<\/a>\n<a class=\"next page-numbers\" href=\"https:\/\/montrafinanceira.pt\/wp-json\/wp\/v2\/pages\/51\/page\/2\/\">\r\n                    <svg width=\"11\" height=\"18\" viewbox=\"0 0 11 18\" fill=\"none\" xmlns=\"http:\/\/www.w3.org\/2000\/svg\">\r\n                        <path d=\"M0.707031 0.707031L8.70703 8.70703L0.707031 16.707\" stroke=\"currentColor\" stroke-width=\"2\"\/>\r\n                    <\/svg>\r\n                <\/a>    <\/div>\r\n    <\/div>\n<\/div>\n<\/div>\n<\/div>","protected":false},"excerpt":{"rendered":"<p>Not\u00edcias Fique a par das novidades e informa\u00e7\u00f5es importantes do setor financeiro. Nesta p\u00e1gina, partilhamos not\u00edcias, dicas e atualiza\u00e7\u00f5es da Montra Financeira.<\/p>","protected":false},"author":2,"featured_media":0,"parent":0,"menu_order":0,"comment_status":"closed","ping_status":"closed","template":"","meta":{"_acf_changed":false,"footnotes":""},"class_list":["post-51","page","type-page","status-publish","hentry"],"acf":[],"yoast_head":"<!-- This site is optimized with the Yoast SEO Premium plugin v26.2 (Yoast SEO v26.2) - https:\/\/yoast.com\/wordpress\/plugins\/seo\/ -->\n<title>Not\u00edcias - Montra Financeira<\/title>\n<meta name=\"robots\" content=\"index, follow, max-snippet:-1, max-image-preview:large, max-video-preview:-1\" \/>\n<link rel=\"canonical\" href=\"https:\/\/montrafinanceira.pt\/en\/news\/\" \/>\n<meta property=\"og:locale\" content=\"en_US\" \/>\n<meta property=\"og:type\" content=\"article\" \/>\n<meta property=\"og:title\" content=\"Not\u00edcias\" \/>\n<meta property=\"og:description\" content=\"Not\u00edcias Fique a par das novidades e informa\u00e7\u00f5es importantes do setor financeiro. Nesta p\u00e1gina, partilhamos not\u00edcias, dicas e atualiza\u00e7\u00f5es da Montra Financeira.\" \/>\n<meta property=\"og:url\" content=\"https:\/\/montrafinanceira.pt\/en\/news\/\" \/>\n<meta property=\"og:site_name\" content=\"Montra Financeira\" \/>\n<meta property=\"article:modified_time\" content=\"2026-02-18T10:23:47+00:00\" \/>\n<meta name=\"twitter:card\" content=\"summary_large_image\" \/>\n<script type=\"application\/ld+json\" class=\"yoast-schema-graph\">{\"@context\":\"https:\/\/schema.org\",\"@graph\":[{\"@type\":\"WebPage\",\"@id\":\"https:\/\/montrafinanceira.pt\/noticias\/\",\"url\":\"https:\/\/montrafinanceira.pt\/noticias\/\",\"name\":\"Not\u00edcias - Montra Financeira\",\"isPartOf\":{\"@id\":\"https:\/\/montrafinanceira.pt\/#website\"},\"datePublished\":\"2025-12-04T06:08:19+00:00\",\"dateModified\":\"2026-02-18T10:23:47+00:00\",\"breadcrumb\":{\"@id\":\"https:\/\/montrafinanceira.pt\/noticias\/#breadcrumb\"},\"inLanguage\":\"en-US\",\"potentialAction\":[{\"@type\":\"ReadAction\",\"target\":[\"https:\/\/montrafinanceira.pt\/noticias\/\"]}]},{\"@type\":\"BreadcrumbList\",\"@id\":\"https:\/\/montrafinanceira.pt\/noticias\/#breadcrumb\",\"itemListElement\":[{\"@type\":\"ListItem\",\"position\":1,\"name\":\"Home\",\"item\":\"https:\/\/montrafinanceira.pt\/\"},{\"@type\":\"ListItem\",\"position\":2,\"name\":\"Not\u00edcias\"}]},{\"@type\":\"WebSite\",\"@id\":\"https:\/\/montrafinanceira.pt\/#website\",\"url\":\"https:\/\/montrafinanceira.pt\/\",\"name\":\"Montra Financeira\",\"description\":\"\",\"potentialAction\":[{\"@type\":\"SearchAction\",\"target\":{\"@type\":\"EntryPoint\",\"urlTemplate\":\"https:\/\/montrafinanceira.pt\/?s={search_term_string}\"},\"query-input\":{\"@type\":\"PropertyValueSpecification\",\"valueRequired\":true,\"valueName\":\"search_term_string\"}}],\"inLanguage\":\"en-US\"}]}<\/script>\n<!-- \/ Yoast SEO Premium plugin. -->","yoast_head_json":{"title":"Not\u00edcias - Montra Financeira","robots":{"index":"index","follow":"follow","max-snippet":"max-snippet:-1","max-image-preview":"max-image-preview:large","max-video-preview":"max-video-preview:-1"},"canonical":"https:\/\/montrafinanceira.pt\/en\/news\/","og_locale":"en_US","og_type":"article","og_title":"Not\u00edcias","og_description":"Not\u00edcias Fique a par das novidades e informa\u00e7\u00f5es importantes do setor financeiro. Nesta p\u00e1gina, partilhamos not\u00edcias, dicas e atualiza\u00e7\u00f5es da Montra Financeira.","og_url":"https:\/\/montrafinanceira.pt\/en\/news\/","og_site_name":"Montra Financeira","article_modified_time":"2026-02-18T10:23:47+00:00","twitter_card":"summary_large_image","schema":{"@context":"https:\/\/schema.org","@graph":[{"@type":"WebPage","@id":"https:\/\/montrafinanceira.pt\/noticias\/","url":"https:\/\/montrafinanceira.pt\/noticias\/","name":"Not\u00edcias - Montra Financeira","isPartOf":{"@id":"https:\/\/montrafinanceira.pt\/#website"},"datePublished":"2025-12-04T06:08:19+00:00","dateModified":"2026-02-18T10:23:47+00:00","breadcrumb":{"@id":"https:\/\/montrafinanceira.pt\/noticias\/#breadcrumb"},"inLanguage":"en-US","potentialAction":[{"@type":"ReadAction","target":["https:\/\/montrafinanceira.pt\/noticias\/"]}]},{"@type":"BreadcrumbList","@id":"https:\/\/montrafinanceira.pt\/noticias\/#breadcrumb","itemListElement":[{"@type":"ListItem","position":1,"name":"Home","item":"https:\/\/montrafinanceira.pt\/"},{"@type":"ListItem","position":2,"name":"Not\u00edcias"}]},{"@type":"WebSite","@id":"https:\/\/montrafinanceira.pt\/#website","url":"https:\/\/montrafinanceira.pt\/","name":"Montra Financeira","description":"","potentialAction":[{"@type":"SearchAction","target":{"@type":"EntryPoint","urlTemplate":"https:\/\/montrafinanceira.pt\/?s={search_term_string}"},"query-input":{"@type":"PropertyValueSpecification","valueRequired":true,"valueName":"search_term_string"}}],"inLanguage":"en-US"}]}},"_links":{"self":[{"href":"https:\/\/montrafinanceira.pt\/en\/wp-json\/wp\/v2\/pages\/51","targetHints":{"allow":["GET"]}}],"collection":[{"href":"https:\/\/montrafinanceira.pt\/en\/wp-json\/wp\/v2\/pages"}],"about":[{"href":"https:\/\/montrafinanceira.pt\/en\/wp-json\/wp\/v2\/types\/page"}],"author":[{"embeddable":true,"href":"https:\/\/montrafinanceira.pt\/en\/wp-json\/wp\/v2\/users\/2"}],"replies":[{"embeddable":true,"href":"https:\/\/montrafinanceira.pt\/en\/wp-json\/wp\/v2\/comments?post=51"}],"version-history":[{"count":5,"href":"https:\/\/montrafinanceira.pt\/en\/wp-json\/wp\/v2\/pages\/51\/revisions"}],"predecessor-version":[{"id":635,"href":"https:\/\/montrafinanceira.pt\/en\/wp-json\/wp\/v2\/pages\/51\/revisions\/635"}],"wp:attachment":[{"href":"https:\/\/montrafinanceira.pt\/en\/wp-json\/wp\/v2\/media?parent=51"}],"curies":[{"name":"wp","href":"https:\/\/api.w.org\/{rel}","templated":true}]}}